{"id":5284,"date":"2021-07-31T15:57:00","date_gmt":"2021-07-31T15:57:00","guid":{"rendered":"https:\/\/oct.it\/ferbox\/cookie-policy\/"},"modified":"2022-02-02T07:08:41","modified_gmt":"2022-02-02T07:08:41","slug":"cookie-policy","status":"publish","type":"page","link":"https:\/\/ferbox.it\/en\/cookie-policy\/","title":{"rendered":"Cookie Policy"},"content":{"rendered":"\t\t<div data-elementor-type=\"wp-page\" data-elementor-id=\"5284\" class=\"elementor elementor-5284 elementor-3691\">\n\t\t\t\t\t\t\t\t\t<section class=\"has_eae_slider elementor-section elementor-top-section elementor-element elementor-element-abb169c elementor-section-boxed elementor-section-height-default elementor-section-height-default\" data-id=\"abb169c\" data-element_type=\"section\" data-settings=\"{&quot;jet_parallax_layout_list&quot;:[{&quot;jet_parallax_layout_image&quot;:{&quot;url&quot;:&quot;&quot;,&quot;id&quot;:&quot;&quot;,&quot;size&quot;:&quot;&quot;},&quot;_id&quot;:&quot;3b38ee4&quot;,&quot;jet_parallax_layout_image_tablet&quot;:{&quot;url&quot;:&quot;&quot;,&quot;id&quot;:&quot;&quot;,&quot;size&quot;:&quot;&quot;},&quot;jet_parallax_layout_image_mobile&quot;:{&quot;url&quot;:&quot;&quot;,&quot;id&quot;:&quot;&quot;,&quot;size&quot;:&quot;&quot;},&quot;jet_parallax_layout_speed&quot;:{&quot;unit&quot;:&quot;%&quot;,&quot;size&quot;:50,&quot;sizes&quot;:[]},&quot;jet_parallax_layout_type&quot;:&quot;scroll&quot;,&quot;jet_parallax_layout_direction&quot;:null,&quot;jet_parallax_layout_fx_direction&quot;:null,&quot;jet_parallax_layout_z_index&quot;:&quot;&quot;,&quot;jet_parallax_layout_bg_x&quot;:50,&quot;jet_parallax_layout_bg_x_tablet&quot;:&quot;&quot;,&quot;jet_parallax_layout_bg_x_mobile&quot;:&quot;&quot;,&quot;jet_parallax_layout_bg_y&quot;:50,&quot;jet_parallax_layout_bg_y_tablet&quot;:&quot;&quot;,&quot;jet_parallax_layout_bg_y_mobile&quot;:&quot;&quot;,&quot;jet_parallax_layout_bg_size&quot;:&quot;auto&quot;,&quot;jet_parallax_layout_bg_size_tablet&quot;:&quot;&quot;,&quot;jet_parallax_layout_bg_size_mobile&quot;:&quot;&quot;,&quot;jet_parallax_layout_animation_prop&quot;:&quot;transform&quot;,&quot;jet_parallax_layout_on&quot;:[&quot;desktop&quot;,&quot;tablet&quot;]}]}\">\n\t\t\t\t\t\t<div class=\"elementor-container elementor-column-gap-default\">\n\t\t\t\t\t<div class=\"has_eae_slider elementor-column elementor-col-100 elementor-top-column elementor-element elementor-element-6f44f76\" data-id=\"6f44f76\" data-element_type=\"column\">\n\t\t\t<div class=\"elementor-widget-wrap elementor-element-populated\">\n\t\t\t\t\t\t\t\t<div class=\"elementor-element elementor-element-ef346c5 elementor-widget elementor-widget-text-editor\" data-id=\"ef346c5\" data-element_type=\"widget\" data-widget_type=\"text-editor.default\">\n\t\t\t\t<div class=\"elementor-widget-container\">\n\t\t\t\t\t\t\t<div class=\"bg_title\" style=\"color: #3a3a3a; font-size: 14px; line-height: 20px; margin-bottom: 14px; background-color: #ffffff; outline: none !important;\"><h3 style=\"font-weight: bold; color: #3a3a3a; font-size: 26px; margin: 0px; line-height: 27px; text-rendering: optimizelegibility; text-transform: uppercase; padding: 0px; outline: none !important;\">NOTE SULLA PRIVACY<\/h3><p style=\"margin-right: 0px; margin-bottom: 8px; margin-left: 0px; padding: 0px; line-height: 20px; outline: none !important;\">FERBOX SRL ha come principio base il rispetto della privacy dei propri abbonati e di tutti quei visitatori che non lo sono; pertanto l\u2019utilizzo del sito ferbox.it \u00e8 stato progettato con criteri di trasparenza e sicurezza on-line. Nello specifico non vengono usati spyware o altre forme di controllo invisibili all\u2019abbonato o al visitatore, salvo quelle a norma di legge. Tutti i dati in merito agli accessi del sito in questione, non sono oggetto di comunicazione o diffusione di qualsiasi genere a terze parti. I vari login riguardo gli accessi da reti diverse da quelle di ferbox.it, vengono memorizzati; nello specifico sono tenuti gli indirizzi IP, la data e ora di accesso degli utenti che accedono. FERBOX SRL Ti fornisce ai sensi dell\u2019articolo 13 del D.lgs 196\/2003 (Codice in materia di protezione dei dati personali) e della Raccomandazione n.2\/2001 del Gruppo di Lavoro art 29 della direttiva 95\/46\/CE alcune informazioni relative al trattamento dei Tuoi dati personali in occasione della visita al sito.<\/p><hr style=\"border-right: none; border-left: none; border-image: initial; border-top: 2px solid #dadada; border-bottom: none; padding: 0px; height: 22px; text-align: left; background-color: #ffffff; outline: none !important;\" \/><p style=\"margin-right: 0px; margin-bottom: 8px; margin-left: 0px; padding: 0px; line-height: 20px; outline: none !important;\">\u00a0<\/p><h3 style=\"font-weight: bold; color: #3a3a3a; font-size: 26px; margin: 0px; line-height: 27px; text-rendering: optimizelegibility; text-transform: uppercase; padding: 0px; outline: none !important;\">RACCOLTA E TRATTAMENTO DI DATI PERSONALI<\/h3><h6 style=\"color: #3a3a3a; font-size: 16px; margin: 0px; line-height: 22px; text-rendering: optimizelegibility; padding: 0px; outline: none !important;\">DATI DI NAVIGAZIONE<\/h6><p style=\"margin-right: 0px; margin-bottom: 8px; margin-left: 0px; padding: 0px; line-height: 20px; outline: none !important;\">I sistemi informatici e le procedure software preposte al funzionamento di questo sito Web acquisiscono, nel corso del loro normale esercizio, alcuni dati personali la cui trasmissione \u00e8 implicita nell\u2019uso dei protocolli di comunicazione di Internet. Si tratta di informazioni che non sono raccolte per essere associate a interessati identificati, ma che, per loro stessa natura, potrebbero, attraverso elaborazioni ed associazioni con dati detenuti da terzi, permettere di identificare gli utenti. In questa categoria di dati rientrano gli indirizzi IP o i nomi a dominio dei computer utilizzati dagli utenti che si connettono al sito, gli indirizzi in notazione URI (Uniform Resource Identifier) delle risorse richieste, l\u2019orario della richiesta, il metodo utilizzato nel sottoporre la richiesta al server, la dimensione del file ottenuto in risposta, il codice numerico indicante lo stato della risposta data dal server (buon fine, errore, ecc.) ed altri parametri relativi al sistema operativo e all\u2019ambiente informatico dell\u2019utente. Questi dati vengono utilizzati al solo fine di ricavare informazioni statistiche anonime sull\u2019uso del sito e per controllarne il corretto funzionamento, e vengono cancellati immediatamente dopo l\u2019elaborazione. I dati potrebbero essere utilizzati per l\u2019accertamento di responsabilit\u00e0 in caso di ipotetici reati informatici ai danni del sito.<\/p><h6 style=\"color: #3a3a3a; font-size: 16px; margin: 0px; line-height: 22px; text-rendering: optimizelegibility; padding: 0px; outline: none !important;\">DATI FORNITI VOLONTARIAMENTE<\/h6><p style=\"margin-right: 0px; margin-bottom: 8px; margin-left: 0px; padding: 0px; line-height: 20px; outline: none !important;\">In alcune sezioni del sito, ti verr\u00e0 richiesto di fornire dati personali. In tal caso ti verr\u00e0 fornita l\u2019informativa ai sensi dell\u2019art. 13 del D.Lgs. 196\/2003 relativa al trattamento dei dati personali in relazione alle singole finalit\u00e0 perseguite.<\/p><hr style=\"border-right: none; border-left: none; border-image: initial; border-top: 2px solid #dadada; border-bottom: none; padding: 0px; height: 22px; text-align: left; background-color: #ffffff; outline: none !important;\" \/><p style=\"margin-right: 0px; margin-bottom: 8px; margin-left: 0px; padding: 0px; line-height: 20px; outline: none !important;\">\u00a0<\/p><h3 style=\"font-weight: bold; color: #3a3a3a; font-size: 26px; margin: 0px; line-height: 27px; text-rendering: optimizelegibility; text-transform: uppercase; padding: 0px; outline: none !important;\">COOKIES<\/h3><p style=\"margin-right: 0px; margin-bottom: 8px; margin-left: 0px; padding: 0px; line-height: 20px; outline: none !important;\">I cookies sono dati creati da un server che sono memorizzati in file di testo sull\u2019hard disk del Tuo computer e permettono al sito web di essere al corrente dei Tuoi comportamenti e delle Tue preferenze. I cookies possono essere permanenti (c.d. cookies persistenti), ma possono anche avere una durata limitata (c.d. cookies di sessione). ferbox.it utilizza cookies di sessione per consentirTi l\u2019esplorazione sicura ed efficiente del Sito, questi cookies non vengono memorizzati in modo permanente sul Tuo computer e svaniscono con la chiusura del browser. ferbox.it utilizza anche cookies di natura persistente che hanno una durata variabile e possono essere inseriti anche da terze parti. In particolare, ferbox.it utilizza Google Analytics per raccogliere informazioni sulla navigazione degli utenti effettuata sul sito. Puoi disabilitare i cookies di Google Analytics scaricando uno specifico plug-in del browser reperibile alla seguente url: https:\/\/tools.google.com\/dlpage\/gaoptout Puoi opporti alla registrazione di cookies sul Tuo hard disk configurando il browser di navigazione (Internet Explorer, Mozilla Firefox, Opera, Safari etc\u2026) in modo da disabilitare i cookies. Dopo questa operazione, tuttavia, alcune funzioni delle pagine web potrebbero non essere eseguite correttamente.<\/p><h6 style=\"color: #3a3a3a; font-size: 16px; margin: 0px; line-height: 22px; text-rendering: optimizelegibility; padding: 0px; outline: none !important;\">CONFERIMENTO DEI DATI<\/h6><p style=\"margin-right: 0px; margin-bottom: 8px; margin-left: 0px; padding: 0px; line-height: 20px; outline: none !important;\">A parte quanto specificato per i dati di navigazione, il conferimento dei dati per ulteriori finalit\u00e0 del trattamento \u00e8 facoltativo. Il loro mancato conferimento pu\u00f2 comportare l\u2019impossibilit\u00e0 di perseguire tali ulteriori finalit\u00e0.<\/p><hr style=\"border-right: none; border-left: none; border-image: initial; border-top: 2px solid #dadada; border-bottom: none; padding: 0px; height: 22px; text-align: left; background-color: #ffffff; outline: none !important;\" \/><p style=\"margin-right: 0px; margin-bottom: 8px; margin-left: 0px; padding: 0px; line-height: 20px; outline: none !important;\">\u00a0<\/p><h3 style=\"font-weight: bold; color: #3a3a3a; font-size: 26px; margin: 0px; line-height: 27px; text-rendering: optimizelegibility; text-transform: uppercase; padding: 0px; outline: none !important;\">FINALIT\u00c0 DEL TRATTAMENTO E AMBITO DI COMUNICAZIONE DEI DATI PERSONALI<\/h3><p style=\"margin-right: 0px; margin-bottom: 8px; margin-left: 0px; padding: 0px; line-height: 20px; outline: none !important;\">ferbox.it tratter\u00e0 i Tuoi dati personali, per l\u2019amministrazione tecnica del sito web, nonch\u00e9 per altre finalit\u00e0, a titolo esemplificativo e non esaustivo: per la gestione delle registrazioni al sito. Solo previo Tuo espresso consenso i Tuoi dati potranno essere trattati anche per finalit\u00e0 di marketing. Tali dati non potranno essere comunicati a terzi senza il tuo consenso, non saranno trasferiti all\u2019estero e non saranno diffusi. I Tuoi dati saranno trattati dai dipendenti e collaboratori di ferbox.it in qualit\u00e0 di incaricati e responsabili del trattamento. I Tuoi dati potranno essere trattati da societ\u00e0 di nostra fiducia che svolgono per nostro conto compiti di natura tecnica ed organizzativa. Queste societ\u00e0 sono nostre dirette collaboratrici e svolgono la funzione di responsabile del trattamento. Il loro elenco \u00e8 costantemente aggiornato ed \u00e8 disponibile su richiesta inviando una comunicazione all\u2019indirizzo sotto indicato ovvero un e-mail a info@ferbox.it<\/p><h6 style=\"color: #3a3a3a; font-size: 16px; margin: 0px; line-height: 22px; text-rendering: optimizelegibility; padding: 0px; outline: none !important;\">MODALIT\u00c0 DEL TRATTAMENTO<\/h6><p style=\"margin-right: 0px; margin-bottom: 8px; margin-left: 0px; padding: 0px; line-height: 20px; outline: none !important;\">I Tuoi dati personali saranno trattati con strumenti automatizzati per il tempo strettamente necessario a conseguire gli scopi per cui sono stati raccolti. Specifiche misure di sicurezza sono osservate per prevenire la perdita dei dati, usi illeciti o non corretti ed accessi non autorizzati<\/p><hr style=\"border-right: none; border-left: none; border-image: initial; border-top: 2px solid #dadada; border-bottom: none; padding: 0px; height: 22px; text-align: left; background-color: #ffffff; outline: none !important;\" \/><p style=\"margin-right: 0px; margin-bottom: 8px; margin-left: 0px; padding: 0px; line-height: 20px; outline: none !important;\">\u00a0<\/p><h3 style=\"font-weight: bold; color: #3a3a3a; font-size: 26px; margin: 0px; line-height: 27px; text-rendering: optimizelegibility; text-transform: uppercase; padding: 0px; outline: none !important;\">I TUOI DIRITTI<\/h3><p style=\"margin-right: 0px; margin-bottom: 8px; margin-left: 0px; padding: 0px; line-height: 20px; outline: none !important;\">In ogni momento potrai ottenere la cancellazione, la trasformazione in forma anonima, la copia, l\u2019aggiornamento, la rettifica o integrazione, il blocco dei dati trattati in violazione di legge secondo quanto previsto dall\u2019art. 7 del D.Lgs. 196\/2003 riportato per esteso in calce alla presente informativa. Avrai il diritto di opporti in ogni caso ad ogni trattamento dei tuoi dati personali che sia effettuato per finalit\u00e0 di informazione commerciale e di marketing in generale e di opporti per motivi legittimi al trattamento dei Tuoi dati per altre finalit\u00e0. Per l\u2019esercizio dei Tuoi diritti, puoi inviare una comunicazione all\u2019indirizzo sotto indicato ovvero un e-mail a info@ferbox.it<\/p><h6 style=\"color: #3a3a3a; font-size: 16px; margin: 0px; line-height: 22px; text-rendering: optimizelegibility; padding: 0px; outline: none !important;\">TITOLARE E RESPONSABILE DEL TRATTAMENTO DEI DATI<\/h6><p style=\"margin-right: 0px; margin-bottom: 8px; margin-left: 0px; padding: 0px; line-height: 20px; outline: none !important;\">Titolare del trattamento \u00e8: FERBOX SRL \u2013 C.da Campiglione, 20 &#8211; 63900 Fermo (FM)- Italia. Responsabile del trattamento \u00e8 il responsabile pro tempore dell\u2019Area Marketing.<\/p><h6 style=\"color: #3a3a3a; font-size: 16px; margin: 0px; line-height: 22px; text-rendering: optimizelegibility; padding: 0px; outline: none !important;\">ART. 7 D.LGS 196\/2003. DIRITTI ATTRIBUITI ALL\u2019INTERESSATO<\/h6><p style=\"margin-right: 0px; margin-bottom: 8px; margin-left: 0px; padding: 0px; line-height: 20px; outline: none !important;\">1) L\u2019interessato ha diritto di ottenere la conferma dell\u2019esistenza o meno di dati personali che lo riguardano, anche se non ancora registrati, e la loro comunicazione in forma intelligibile.<\/p><p style=\"margin-right: 0px; margin-bottom: 8px; margin-left: 0px; padding: 0px; line-height: 20px; outline: none !important;\">2) L\u2019interessato ha diritto di ottenere l\u2019indicazione:<\/p><p style=\"margin-right: 0px; margin-bottom: 8px; margin-left: 0px; padding: 0px 0px 0px 30px; line-height: 20px; outline: none !important;\">a) dell\u2019origine dei dati personali;<\/p><p style=\"margin-right: 0px; margin-bottom: 8px; margin-left: 0px; padding: 0px 0px 0px 30px; line-height: 20px; outline: none !important;\">b) delle finalit\u00e0 e modalit\u00e0 del trattamento;<\/p><p style=\"margin-right: 0px; margin-bottom: 8px; margin-left: 0px; padding: 0px 0px 0px 30px; line-height: 20px; outline: none !important;\">c) della logica applicata in caso di trattamento effettuato con l\u2019ausilio di strumenti elettronici;<\/p><p style=\"margin-right: 0px; margin-bottom: 8px; margin-left: 0px; padding: 0px 0px 0px 30px; line-height: 20px; outline: none !important;\">d) degli estremi identificativi del titolare, dei responsabili e del rappresentante designato ai sensi dell\u2019articolo 5, comma 2;<\/p><p style=\"margin-right: 0px; margin-bottom: 8px; margin-left: 0px; padding: 0px 0px 0px 30px; line-height: 20px; outline: none !important;\">e) dei soggetti o delle categorie di soggetti ai quali i dati personali possono essere comunicati o che possono venirne a conoscenza in qualit\u00e0 di rappresentante designato nel territorio dello Stato, di responsabili o incaricati.<\/p><p style=\"margin-right: 0px; margin-bottom: 8px; margin-left: 0px; padding: 0px; line-height: 20px; outline: none !important;\">3) L\u2019interessato ha diritto di ottenere:<\/p><p style=\"margin-right: 0px; margin-bottom: 8px; margin-left: 0px; padding: 0px 0px 0px 30px; line-height: 20px; outline: none !important;\">a) l\u2019aggiornamento, la rettificazione ovvero, quando vi ha interesse, l\u2019integrazione dei dati;<\/p><p style=\"margin-right: 0px; margin-bottom: 8px; margin-left: 0px; padding: 0px 0px 0px 30px; line-height: 20px; outline: none !important;\">b) la cancellazione, la trasformazione in forma anonima o il blocco dei dati trattati in violazione di legge, compresi quelli di cui non \u00e8 necessaria la conservazione in relazione agli scopi per i quali i dati sono stati raccolti o successivamente trattati;<\/p><p style=\"margin-right: 0px; margin-bottom: 8px; margin-left: 0px; padding: 0px 0px 0px 30px; line-height: 20px; outline: none !important;\">c) l\u2019attestazione che le operazioni di cui alle lettere a) e b) sono state portate a conoscenza, anche per quanto riguarda il loro contenuto, di coloro ai quali i dati sono stati comunicati o diffusi, eccettuato il caso in cui tale adempimento si rivela impossibile o comporta un impiego di mezzi manifestamente sproporzionato rispetto al diritto tutelato.<\/p><p style=\"margin-right: 0px; margin-bottom: 8px; margin-left: 0px; padding: 0px; line-height: 20px; outline: none !important;\">4) L\u2019interessato ha diritto di opporsi, in tutto o in parte:<\/p><p style=\"margin-right: 0px; margin-bottom: 8px; margin-left: 0px; padding: 0px 0px 0px 30px; line-height: 20px; outline: none !important;\">a) per motivi legittimi al trattamento dei dati personali che lo riguardano, ancorch\u00e9 pertinenti allo scopo della raccolta;<\/p><p style=\"margin-right: 0px; margin-bottom: 8px; margin-left: 0px; padding: 0px 0px 0px 30px; line-height: 20px; outline: none !important;\">b) al trattamento di dati personali che lo riguardano a fini di invio di materiale pubblicitario o di vendita diretta o per il compimento di ricerche di mercato o di comunicazione commerciale.<\/p><\/div>\t\t\t\t\t\t<\/div>\n\t\t\t\t<\/div>\n\t\t\t\t\t<\/div>\n\t\t<\/div>\n\t\t\t\t\t\t\t<\/div>\n\t\t<\/section>\n\t\t\t\t\t\t\t<\/div>\n\t\t","protected":false},"excerpt":{"rendered":"<p>NOTE SULLA PRIVACY FERBOX SRL ha come principio base il rispetto della privacy dei propri abbonati e di tutti quei visitatori che non lo sono; pertanto l\u2019utilizzo del sito ferbox.it \u00e8 stato progettato con criteri di trasparenza e sicurezza on-line. Nello specifico non vengono usati spyware o altre forme di controllo invisibili all\u2019abbonato o al [&hellip;]<\/p>\n","protected":false},"author":5,"featured_media":0,"parent":0,"menu_order":0,"comment_status":"closed","ping_status":"closed","template":"","meta":{"footnotes":""},"class_list":["post-5284","page","type-page","status-publish","hentry"],"_links":{"self":[{"href":"https:\/\/ferbox.it\/en\/wp-json\/wp\/v2\/pages\/5284","targetHints":{"allow":["GET"]}}],"collection":[{"href":"https:\/\/ferbox.it\/en\/wp-json\/wp\/v2\/pages"}],"about":[{"href":"https:\/\/ferbox.it\/en\/wp-json\/wp\/v2\/types\/page"}],"author":[{"embeddable":true,"href":"https:\/\/ferbox.it\/en\/wp-json\/wp\/v2\/users\/5"}],"replies":[{"embeddable":true,"href":"https:\/\/ferbox.it\/en\/wp-json\/wp\/v2\/comments?post=5284"}],"version-history":[{"count":6,"href":"https:\/\/ferbox.it\/en\/wp-json\/wp\/v2\/pages\/5284\/revisions"}],"predecessor-version":[{"id":7946,"href":"https:\/\/ferbox.it\/en\/wp-json\/wp\/v2\/pages\/5284\/revisions\/7946"}],"wp:attachment":[{"href":"https:\/\/ferbox.it\/en\/wp-json\/wp\/v2\/media?parent=5284"}],"curies":[{"name":"wp","href":"https:\/\/api.w.org\/{rel}","templated":true}]}}